{"id":25,"date":"2012-10-18T09:14:44","date_gmt":"2012-10-18T09:14:44","guid":{"rendered":"http:\/\/vdo.econempr.umh.es\/servicio-dependientes\/servicio-de-informacion-contable-gestion-financiera-y-presupuestos\/"},"modified":"2016-02-10T12:13:55","modified_gmt":"2016-02-10T11:13:55","slug":"servicio-de-informacion-contable-gestion-financiera-y-presupuestos","status":"publish","type":"page","link":"https:\/\/vdo.econempr.umh.es\/en\/servicio-dependientes\/servicio-de-informacion-contable-gestion-financiera-y-presupuestos\/","title":{"rendered":"<span lang=\"es\">(Espa\u00f1ol) Servicio de Informaci\u00f3n Contable y Gesti\u00f3n Econ\u00f3mica y Financiera<\/span>"},"content":{"rendered":"<p class=\"qtranxs-available-languages-message qtranxs-available-languages-message-en\">Sorry, this entry is only available in <a href=\"https:\/\/vdo.econempr.umh.es\/es\/wp-json\/wp\/v2\/pages\/25\" class=\"qtranxs-available-language-link qtranxs-available-language-link-es\" title=\"Espa\u00f1ol\">European Spanish<\/a>.<\/p>","protected":false},"excerpt":{"rendered":"<p>Sorry, this entry is only available in European Spanish.<\/p>\n","protected":false},"author":20,"featured_media":0,"parent":11,"menu_order":10,"comment_status":"closed","ping_status":"open","template":"","meta":{"_links_to":"","_links_to_target":""},"_links":{"self":[{"href":"https:\/\/vdo.econempr.umh.es\/en\/wp-json\/wp\/v2\/pages\/25"}],"collection":[{"href":"https:\/\/vdo.econempr.umh.es\/en\/wp-json\/wp\/v2\/pages"}],"about":[{"href":"https:\/\/vdo.econempr.umh.es\/en\/wp-json\/wp\/v2\/types\/page"}],"author":[{"embeddable":true,"href":"https:\/\/vdo.econempr.umh.es\/en\/wp-json\/wp\/v2\/users\/20"}],"replies":[{"embeddable":true,"href":"https:\/\/vdo.econempr.umh.es\/en\/wp-json\/wp\/v2\/comments?post=25"}],"version-history":[{"count":0,"href":"https:\/\/vdo.econempr.umh.es\/en\/wp-json\/wp\/v2\/pages\/25\/revisions"}],"up":[{"embeddable":true,"href":"https:\/\/vdo.econempr.umh.es\/en\/wp-json\/wp\/v2\/pages\/11"}],"wp:attachment":[{"href":"https:\/\/vdo.econempr.umh.es\/en\/wp-json\/wp\/v2\/media?parent=25"}],"curies":[{"name":"wp","href":"https:\/\/api.w.org\/{rel}","templated":true}]}}